{"id":716,"date":"2021-10-04T15:33:38","date_gmt":"2021-10-04T15:33:38","guid":{"rendered":"https:\/\/nuevo.unaytambocusco.com\/?page_id=716"},"modified":"2022-01-07T18:34:18","modified_gmt":"2022-01-07T18:34:18","slug":"ubicacion","status":"publish","type":"page","link":"https:\/\/unaytambocusco.com\/pt\/localizacao\/","title":{"rendered":"Localiza\u00e7\u00e3o"},"content":{"rendered":"<div data-elementor-type=\"wp-page\" data-elementor-id=\"716\" class=\"elementor elementor-716\" data-elementor-settings=\"[]\">\n\t\t\t\t\t\t\t<div class=\"elementor-section-wrap\">\n\t\t\t\t\t\t\t<section class=\"elementor-section elementor-top-section elementor-element elementor-element-4f52b05 elementor-section-full_width elementor-section-height-min-height elementor-section-height-default elementor-section-items-middle\" data-id=\"4f52b05\" data-element_type=\"section\">\n\t\t\t\t\t\t<div class=\"elementor-container elementor-column-gap-no\">\n\t\t\t\t\t<div class=\"elementor-column elementor-col-100 elementor-top-column elementor-element elementor-element-9c41318\" data-id=\"9c41318\" data-element_type=\"column\">\n\t\t\t<div class=\"elementor-widget-wrap elementor-element-populated\">\n\t\t\t\t\t\t\t\t<div class=\"elementor-element elementor-element-0033afa elementor--h-position-center elementor--v-position-middle elementor-arrows-position-inside elementor-pagination-position-inside elementor-widget elementor-widget-slides\" data-id=\"0033afa\" data-element_type=\"widget\" data-settings=\"{&quot;navigation&quot;:&quot;both&quot;,&quot;autoplay&quot;:&quot;yes&quot;,&quot;pause_on_hover&quot;:&quot;yes&quot;,&quot;pause_on_interaction&quot;:&quot;yes&quot;,&quot;autoplay_speed&quot;:5000,&quot;infinite&quot;:&quot;yes&quot;,&quot;transition&quot;:&quot;slide&quot;,&quot;transition_speed&quot;:500}\" data-widget_type=\"slides.default\">\n\t\t\t\t<div class=\"elementor-widget-container\">\n\t\t\t\t\t<div class=\"elementor-swiper\">\n\t\t\t<div class=\"elementor-slides-wrapper elementor-main-swiper swiper-container\" dir=\"ltr\" data-animation=\"fadeInUp\">\n\t\t\t\t<div class=\"swiper-wrapper elementor-slides\">\n\t\t\t\t\t<div class=\"elementor-repeater-item-7c8dddc swiper-slide\"><div class=\"swiper-slide-bg\"><\/div><div class=\"swiper-slide-inner\" ><div class=\"swiper-slide-contents\"><\/div><\/div><\/div><div class=\"elementor-repeater-item-8ef65bf swiper-slide\"><div class=\"swiper-slide-bg\"><\/div><div class=\"swiper-slide-inner\" ><div class=\"swiper-slide-contents\"><\/div><\/div><\/div><div class=\"elementor-repeater-item-fe9f515 swiper-slide\"><div class=\"swiper-slide-bg\"><\/div><div class=\"swiper-slide-inner\" ><div class=\"swiper-slide-contents\"><\/div><\/div><\/div>\t\t\t\t<\/div>\n\t\t\t\t\t\t\t\t\t\t\t\t\t\t\t<div class=\"swiper-pagination\"><\/div>\n\t\t\t\t\t\t\t\t\t\t\t\t\t\t\t\t<div class=\"elementor-swiper-button elementor-swiper-button-prev\">\n\t\t\t\t\t\t\t<i class=\"eicon-chevron-left\" aria-hidden=\"true\"><\/i>\n\t\t\t\t\t\t\t<span class=\"elementor-screen-only\">Previous<\/span>\n\t\t\t\t\t\t<\/div>\n\t\t\t\t\t\t<div class=\"elementor-swiper-button elementor-swiper-button-next\">\n\t\t\t\t\t\t\t<i class=\"eicon-chevron-right\" aria-hidden=\"true\"><\/i>\n\t\t\t\t\t\t\t<span class=\"elementor-screen-only\">Next<\/span>\n\t\t\t\t\t\t<\/div>\n\t\t\t\t\t\t\t\t\t\t\t\t<\/div>\n\t\t<\/div>\n\t\t\t\t<\/div>\n\t\t\t\t<\/div>\n\t\t\t\t\t<\/div>\n\t\t<\/div>\n\t\t\t\t\t\t\t<\/div>\n\t\t<\/section>\n\t\t\t\t<section class=\"elementor-section elementor-top-section elementor-element elementor-element-c45ffe0 elementor-section-boxed elementor-section-height-default elementor-section-height-default\" data-id=\"c45ffe0\" data-element_type=\"section\">\n\t\t\t\t\t\t<div class=\"elementor-container elementor-column-gap-default\">\n\t\t\t\t\t<div class=\"elementor-column elementor-col-100 elementor-top-column elementor-element elementor-element-302e533\" data-id=\"302e533\" data-element_type=\"column\">\n\t\t\t<div class=\"elementor-widget-wrap elementor-element-populated\">\n\t\t\t\t\t\t\t\t<div class=\"elementor-element elementor-element-6c799b3 elementor-widget elementor-widget-heading\" data-id=\"6c799b3\" data-element_type=\"widget\" data-widget_type=\"heading.default\">\n\t\t\t\t<div class=\"elementor-widget-container\">\n\t\t\t<h1 class=\"elementor-heading-title elementor-size-default\">Localiza\u00e7\u00e3o<\/h1>\t\t<\/div>\n\t\t\t\t<\/div>\n\t\t\t\t\t<\/div>\n\t\t<\/div>\n\t\t\t\t\t\t\t<\/div>\n\t\t<\/section>\n\t\t\t\t<section class=\"elementor-section elementor-top-section elementor-element elementor-element-2157aef elementor-section-boxed elementor-section-height-default elementor-section-height-default\" data-id=\"2157aef\" data-element_type=\"section\">\n\t\t\t\t\t\t<div class=\"elementor-container elementor-column-gap-default\">\n\t\t\t\t\t<div class=\"elementor-column elementor-col-100 elementor-top-column elementor-element elementor-element-deaa772\" data-id=\"deaa772\" data-element_type=\"column\">\n\t\t\t<div class=\"elementor-widget-wrap elementor-element-populated\">\n\t\t\t\t\t\t\t\t<div class=\"elementor-element elementor-element-54c0c15 elementor-widget elementor-widget-text-editor\" data-id=\"54c0c15\" data-element_type=\"widget\" data-widget_type=\"text-editor.default\">\n\t\t\t\t<div class=\"elementor-widget-container\">\n\t\t\t\t\t\t\t<p>UNAYTAMBO, um antigo Pal\u00e1cio Inka situado em frente ao Qorikancha (Templo do Sol), o templo sagrado mais importante do Tawantinsuyo. Est\u00e1 localizado no centro hist\u00f3rico da cidade rodeado por magn\u00edficos edif\u00edcios pr\u00e9-hisp\u00e2nicos e coloniais, mostrando-nos a grandeza dos nossos antepassados.<\/p><p>A apenas tr\u00eas quarteir\u00f5es da Plaza de Armas e muito perto da Avenida El Sol, uma das principais ruas comerciais e financeiras da cidade, com f\u00e1cil acesso veicular e pedestre, UNAYTAMBO convida-o a viver uma experi\u00eancia fascinante na antiga Cidade Imperial de Cusco.<\/p>\t\t\t\t\t\t<\/div>\n\t\t\t\t<\/div>\n\t\t\t\t\t<\/div>\n\t\t<\/div>\n\t\t\t\t\t\t\t<\/div>\n\t\t<\/section>\n\t\t\t\t<section class=\"elementor-section elementor-top-section elementor-element elementor-element-88c4bc0 elementor-section-boxed elementor-section-height-default elementor-section-height-default\" data-id=\"88c4bc0\" data-element_type=\"section\">\n\t\t\t\t\t\t<div class=\"elementor-container elementor-column-gap-default\">\n\t\t\t\t\t<div class=\"elementor-column elementor-col-100 elementor-top-column elementor-element elementor-element-cd30702\" data-id=\"cd30702\" data-element_type=\"column\">\n\t\t\t<div class=\"elementor-widget-wrap elementor-element-populated\">\n\t\t\t\t\t\t\t\t<div class=\"elementor-element elementor-element-f3bb376 elementor-widget elementor-widget-google_maps\" data-id=\"f3bb376\" data-element_type=\"widget\" data-widget_type=\"google_maps.default\">\n\t\t\t\t<div class=\"elementor-widget-container\">\n\t\t\t\t\t<div class=\"elementor-custom-embed\">\n\t\t\t<iframe frameborder=\"0\" scrolling=\"no\" marginheight=\"0\" marginwidth=\"0\"\n\t\t\t\t\tsrc=\"https:\/\/maps.google.com\/maps?q=unaytambo&#038;t=m&#038;z=16&#038;output=embed&#038;iwloc=near\"\n\t\t\t\t\ttitle=\"unaytambo\"\n\t\t\t\t\taria-label=\"unaytambo\"\n\t\t\t><\/iframe>\n\t\t<\/div>\n\t\t\t\t<\/div>\n\t\t\t\t<\/div>\n\t\t\t\t\t<\/div>\n\t\t<\/div>\n\t\t\t\t\t\t\t<\/div>\n\t\t<\/section>\n\t\t\t\t\t\t<\/div>\n\t\t\t\t\t<\/div>","protected":false},"excerpt":{"rendered":"<p>Previous Next Ubicaci\u00f3n UNAYTAMBO, un antiguo Palacio Inka situado frente al Qorikancha (Templo del Sol) el Templo sagrado m\u00e1s importante del Tawantinsuyo. Est\u00e1 ubicado en el centro hist\u00f3rico de la ciudad rodeado de magnificas edificaciones prehisp\u00e1nicas y coloniales ense\u00f1\u00e1ndonos lo grandioso de nuestros antepasados. A tan solo tres cuadras de la Plaza de Armas y [&hellip;]<\/p>","protected":false},"author":1,"featured_media":0,"parent":0,"menu_order":0,"comment_status":"closed","ping_status":"closed","template":"","meta":{"footnotes":""},"class_list":["post-716","page","type-page","status-publish","hentry"],"yoast_head":"<!-- This site is optimized with the Yoast SEO plugin v20.8 - https:\/\/yoast.com\/wordpress\/plugins\/seo\/ -->\n<title>Ubicaci\u00f3n - Unaytambo hotel<\/title>\n<meta name=\"robots\" content=\"index, follow, max-snippet:-1, max-image-preview:large, max-video-preview:-1\" \/>\n<link rel=\"canonical\" href=\"https:\/\/unaytambocusco.com\/pt\/localizacao\/\" \/>\n<meta property=\"og:locale\" content=\"pt_BR\" \/>\n<meta property=\"og:type\" content=\"article\" \/>\n<meta property=\"og:title\" content=\"Ubicaci\u00f3n - Unaytambo hotel\" \/>\n<meta property=\"og:description\" content=\"Previous Next Ubicaci\u00f3n UNAYTAMBO, un antiguo Palacio Inka situado frente al Qorikancha (Templo del Sol) el Templo sagrado m\u00e1s importante del Tawantinsuyo. Est\u00e1 ubicado en el centro hist\u00f3rico de la ciudad rodeado de magnificas edificaciones prehisp\u00e1nicas y coloniales ense\u00f1\u00e1ndonos lo grandioso de nuestros antepasados. A tan solo tres cuadras de la Plaza de Armas y [&hellip;]\" \/>\n<meta property=\"og:url\" content=\"https:\/\/unaytambocusco.com\/pt\/localizacao\/\" \/>\n<meta property=\"og:site_name\" content=\"Unaytambo hotel\" \/>\n<meta property=\"article:modified_time\" content=\"2022-01-07T18:34:18+00:00\" \/>\n<meta name=\"twitter:card\" content=\"summary_large_image\" \/>\n<meta name=\"twitter:label1\" content=\"Est. tempo de leitura\" \/>\n\t<meta name=\"twitter:data1\" content=\"1 minuto\" \/>\n<script type=\"application\/ld+json\" class=\"yoast-schema-graph\">{\"@context\":\"https:\/\/schema.org\",\"@graph\":[{\"@type\":\"WebPage\",\"@id\":\"https:\/\/unaytambocusco.com\/ubicacion\/\",\"url\":\"https:\/\/unaytambocusco.com\/ubicacion\/\",\"name\":\"Ubicaci\u00f3n - Unaytambo hotel\",\"isPartOf\":{\"@id\":\"https:\/\/unaytambocusco.com\/#website\"},\"datePublished\":\"2021-10-04T15:33:38+00:00\",\"dateModified\":\"2022-01-07T18:34:18+00:00\",\"breadcrumb\":{\"@id\":\"https:\/\/unaytambocusco.com\/ubicacion\/#breadcrumb\"},\"inLanguage\":\"pt-BR\",\"potentialAction\":[{\"@type\":\"ReadAction\",\"target\":[\"https:\/\/unaytambocusco.com\/ubicacion\/\"]}]},{\"@type\":\"BreadcrumbList\",\"@id\":\"https:\/\/unaytambocusco.com\/ubicacion\/#breadcrumb\",\"itemListElement\":[{\"@type\":\"ListItem\",\"position\":1,\"name\":\"Home\",\"item\":\"https:\/\/unaytambocusco.com\/\"},{\"@type\":\"ListItem\",\"position\":2,\"name\":\"Ubicaci\u00f3n\"}]},{\"@type\":\"WebSite\",\"@id\":\"https:\/\/unaytambocusco.com\/#website\",\"url\":\"https:\/\/unaytambocusco.com\/\",\"name\":\"Unaytambo hotel\",\"description\":\"Unaytambo hotel\",\"potentialAction\":[{\"@type\":\"SearchAction\",\"target\":{\"@type\":\"EntryPoint\",\"urlTemplate\":\"https:\/\/unaytambocusco.com\/?s={search_term_string}\"},\"query-input\":\"required name=search_term_string\"}],\"inLanguage\":\"pt-BR\"}]}<\/script>\n<!-- \/ Yoast SEO plugin. -->","yoast_head_json":{"title":"Ubicaci\u00f3n - Unaytambo hotel","robots":{"index":"index","follow":"follow","max-snippet":"max-snippet:-1","max-image-preview":"max-image-preview:large","max-video-preview":"max-video-preview:-1"},"canonical":"https:\/\/unaytambocusco.com\/pt\/localizacao\/","og_locale":"pt_BR","og_type":"article","og_title":"Ubicaci\u00f3n - Unaytambo hotel","og_description":"Previous Next Ubicaci\u00f3n UNAYTAMBO, un antiguo Palacio Inka situado frente al Qorikancha (Templo del Sol) el Templo sagrado m\u00e1s importante del Tawantinsuyo. Est\u00e1 ubicado en el centro hist\u00f3rico de la ciudad rodeado de magnificas edificaciones prehisp\u00e1nicas y coloniales ense\u00f1\u00e1ndonos lo grandioso de nuestros antepasados. A tan solo tres cuadras de la Plaza de Armas y [&hellip;]","og_url":"https:\/\/unaytambocusco.com\/pt\/localizacao\/","og_site_name":"Unaytambo hotel","article_modified_time":"2022-01-07T18:34:18+00:00","twitter_card":"summary_large_image","twitter_misc":{"Est. tempo de leitura":"1 minuto"},"schema":{"@context":"https:\/\/schema.org","@graph":[{"@type":"WebPage","@id":"https:\/\/unaytambocusco.com\/ubicacion\/","url":"https:\/\/unaytambocusco.com\/ubicacion\/","name":"Ubicaci\u00f3n - Unaytambo hotel","isPartOf":{"@id":"https:\/\/unaytambocusco.com\/#website"},"datePublished":"2021-10-04T15:33:38+00:00","dateModified":"2022-01-07T18:34:18+00:00","breadcrumb":{"@id":"https:\/\/unaytambocusco.com\/ubicacion\/#breadcrumb"},"inLanguage":"pt-BR","potentialAction":[{"@type":"ReadAction","target":["https:\/\/unaytambocusco.com\/ubicacion\/"]}]},{"@type":"BreadcrumbList","@id":"https:\/\/unaytambocusco.com\/ubicacion\/#breadcrumb","itemListElement":[{"@type":"ListItem","position":1,"name":"Home","item":"https:\/\/unaytambocusco.com\/"},{"@type":"ListItem","position":2,"name":"Ubicaci\u00f3n"}]},{"@type":"WebSite","@id":"https:\/\/unaytambocusco.com\/#website","url":"https:\/\/unaytambocusco.com\/","name":"Unaytambo hotel","description":"Unaytambo hotel","potentialAction":[{"@type":"SearchAction","target":{"@type":"EntryPoint","urlTemplate":"https:\/\/unaytambocusco.com\/?s={search_term_string}"},"query-input":"required name=search_term_string"}],"inLanguage":"pt-BR"}]}},"_links":{"self":[{"href":"https:\/\/unaytambocusco.com\/pt\/wp-json\/wp\/v2\/pages\/716","targetHints":{"allow":["GET"]}}],"collection":[{"href":"https:\/\/unaytambocusco.com\/pt\/wp-json\/wp\/v2\/pages"}],"about":[{"href":"https:\/\/unaytambocusco.com\/pt\/wp-json\/wp\/v2\/types\/page"}],"author":[{"embeddable":true,"href":"https:\/\/unaytambocusco.com\/pt\/wp-json\/wp\/v2\/users\/1"}],"replies":[{"embeddable":true,"href":"https:\/\/unaytambocusco.com\/pt\/wp-json\/wp\/v2\/comments?post=716"}],"version-history":[{"count":14,"href":"https:\/\/unaytambocusco.com\/pt\/wp-json\/wp\/v2\/pages\/716\/revisions"}],"predecessor-version":[{"id":1728,"href":"https:\/\/unaytambocusco.com\/pt\/wp-json\/wp\/v2\/pages\/716\/revisions\/1728"}],"wp:attachment":[{"href":"https:\/\/unaytambocusco.com\/pt\/wp-json\/wp\/v2\/media?parent=716"}],"curies":[{"name":"wp","href":"https:\/\/api.w.org\/{rel}","templated":true}]}}