{"id":708,"date":"2021-10-04T15:12:45","date_gmt":"2021-10-04T15:12:45","guid":{"rendered":"https:\/\/nuevo.unaytambocusco.com\/?page_id=708"},"modified":"2022-01-10T15:08:51","modified_gmt":"2022-01-10T15:08:51","slug":"unaytambo","status":"publish","type":"page","link":"https:\/\/unaytambocusco.com\/pt\/unaytambo\/","title":{"rendered":"UNAYTAMBO"},"content":{"rendered":"<div data-elementor-type=\"wp-page\" data-elementor-id=\"708\" class=\"elementor elementor-708\" data-elementor-settings=\"[]\">\n\t\t\t\t\t\t\t<div class=\"elementor-section-wrap\">\n\t\t\t\t\t\t\t<section class=\"elementor-section elementor-top-section elementor-element elementor-element-4564a6e elementor-section-height-min-height elementor-section-full_width elementor-section-height-default elementor-section-items-middle\" data-id=\"4564a6e\" data-element_type=\"section\" data-settings=\"{&quot;background_background&quot;:&quot;classic&quot;}\">\n\t\t\t\t\t\t<div class=\"elementor-container elementor-column-gap-no\">\n\t\t\t\t\t<div class=\"elementor-column elementor-col-100 elementor-top-column elementor-element elementor-element-2005cbb\" data-id=\"2005cbb\" data-element_type=\"column\">\n\t\t\t<div class=\"elementor-widget-wrap elementor-element-populated\">\n\t\t\t\t\t\t\t\t<div class=\"elementor-element elementor-element-74bad99 elementor--h-position-center elementor--v-position-middle elementor-arrows-position-inside elementor-pagination-position-inside elementor-widget elementor-widget-slides\" data-id=\"74bad99\" data-element_type=\"widget\" data-settings=\"{&quot;navigation&quot;:&quot;both&quot;,&quot;autoplay&quot;:&quot;yes&quot;,&quot;pause_on_interaction&quot;:&quot;yes&quot;,&quot;autoplay_speed&quot;:5000,&quot;infinite&quot;:&quot;yes&quot;,&quot;transition&quot;:&quot;slide&quot;,&quot;transition_speed&quot;:500}\" data-widget_type=\"slides.default\">\n\t\t\t\t<div class=\"elementor-widget-container\">\n\t\t\t\t\t<div class=\"elementor-swiper\">\n\t\t\t<div class=\"elementor-slides-wrapper elementor-main-swiper swiper-container\" dir=\"ltr\" data-animation=\"fadeInUp\">\n\t\t\t\t<div class=\"swiper-wrapper elementor-slides\">\n\t\t\t\t\t<div class=\"elementor-repeater-item-8b7b186 swiper-slide\"><div class=\"swiper-slide-bg\"><\/div><div class=\"swiper-slide-inner\" ><div class=\"swiper-slide-contents\"><\/div><\/div><\/div><div class=\"elementor-repeater-item-ed59e58 swiper-slide\"><div class=\"swiper-slide-bg\"><\/div><div class=\"swiper-slide-inner\" ><div class=\"swiper-slide-contents\"><\/div><\/div><\/div><div class=\"elementor-repeater-item-fe9f4af swiper-slide\"><div class=\"swiper-slide-bg\"><\/div><div class=\"swiper-slide-inner\" ><div class=\"swiper-slide-contents\"><\/div><\/div><\/div>\t\t\t\t<\/div>\n\t\t\t\t\t\t\t\t\t\t\t\t\t\t\t<div class=\"swiper-pagination\"><\/div>\n\t\t\t\t\t\t\t\t\t\t\t\t\t\t\t\t<div class=\"elementor-swiper-button elementor-swiper-button-prev\">\n\t\t\t\t\t\t\t<i class=\"eicon-chevron-left\" aria-hidden=\"true\"><\/i>\n\t\t\t\t\t\t\t<span class=\"elementor-screen-only\">Previous<\/span>\n\t\t\t\t\t\t<\/div>\n\t\t\t\t\t\t<div class=\"elementor-swiper-button elementor-swiper-button-next\">\n\t\t\t\t\t\t\t<i class=\"eicon-chevron-right\" aria-hidden=\"true\"><\/i>\n\t\t\t\t\t\t\t<span class=\"elementor-screen-only\">Next<\/span>\n\t\t\t\t\t\t<\/div>\n\t\t\t\t\t\t\t\t\t\t\t\t<\/div>\n\t\t<\/div>\n\t\t\t\t<\/div>\n\t\t\t\t<\/div>\n\t\t\t\t\t<\/div>\n\t\t<\/div>\n\t\t\t\t\t\t\t<\/div>\n\t\t<\/section>\n\t\t\t\t<section class=\"elementor-section elementor-top-section elementor-element elementor-element-4115c76 elementor-section-boxed elementor-section-height-default elementor-section-height-default\" data-id=\"4115c76\" data-element_type=\"section\">\n\t\t\t\t\t\t<div class=\"elementor-container elementor-column-gap-default\">\n\t\t\t\t\t<div class=\"elementor-column elementor-col-100 elementor-top-column elementor-element elementor-element-94ea4e4\" data-id=\"94ea4e4\" data-element_type=\"column\">\n\t\t\t<div class=\"elementor-widget-wrap elementor-element-populated\">\n\t\t\t\t\t\t\t\t<div class=\"elementor-element elementor-element-0af3fe0 elementor-widget elementor-widget-heading\" data-id=\"0af3fe0\" data-element_type=\"widget\" data-widget_type=\"heading.default\">\n\t\t\t\t<div class=\"elementor-widget-container\">\n\t\t\t<h1 class=\"elementor-heading-title elementor-size-default\">Hotel Unaytambo <br> Bem-vindo \u00e0 nossa hist\u00f3ria<\/h1>\t\t<\/div>\n\t\t\t\t<\/div>\n\t\t\t\t<div class=\"elementor-element elementor-element-86506ff elementor-widget elementor-widget-text-editor\" data-id=\"86506ff\" data-element_type=\"widget\" data-widget_type=\"text-editor.default\">\n\t\t\t\t<div class=\"elementor-widget-container\">\n\t\t\t\t\t\t\t<p>Bem-vindo \u00e0 UNAYTAMBO, palavra quechua que abre as portas de um lugar com a hist\u00f3ria e tradi\u00e7\u00e3o da antiga Cusco. Localizado numa das suas ruas principais junto ao Qorikancha ou Templo do Sol, onde as muralhas Inka nos ensinam a grandeza dos nossos antepassados para mostrar ao mundo inteiro a riqueza e o legado da Cidade Imperial.<\/p><p>Por volta do s\u00e9culo XII, os Quechuas vindos do Qollao, guiados pelo m\u00edtico Inca Manko Qhapaq, instalaram-se no vale do Cusco, tendo como epicentro cultural o Qorikancha (Templo do Sol) e o Kusicancha (Templo da Alegria), onde tiveram lugar fun\u00e7\u00f5es religiosas e cerimoniais.<\/p><p>O Hotel Boutique UNAYTAMBO \u00e9 uma mans\u00e3o colonial constru\u00edda sobre os alicerces das constru\u00e7\u00f5es incas, situa-se dentro deste complexo arqueol\u00f3gico e, segundo as cr\u00f3nicas do Inka Garcilaso de la Vega, no seu famoso livro \"The Royal Commentaries\", nesta casa teria nascido o Inka Pachacuteq, o mais extraordin\u00e1rio Cusqueniano de todos os tempos. Prova disso \u00e9 a porta dupla caracter\u00edstica da entrada para os lugares sagrados e hoje a \u00fanica preservada no seu estado original e que serve de entrada para o Hotel UNAYTAMBO, onde testemunhar\u00e1 este grande legado.<\/p><p>Na \u00e9poca colonial, esta casa era utilizada como local de descanso e abastecimento alimentar, sendo conhecida pelo nome de \"Tambo de Collavinos\" principalmente porque recebia pessoas vindas do Collao.<\/p><p>Mais tarde veio a Rep\u00fablica, um per\u00edodo em que a casa cumpriu um papel estritamente residencial. Finalmente, em Maio de 1950, um forte terramoto atingiu a cidade. Felizmente este importante monumento da arquitectura civil com quase oito s\u00e9culos de vida p\u00f4de ser preservado para continuar a escrever a sua hist\u00f3ria, hist\u00f3ria com que hoje nos abriga sob o nome de UNAYTAMBO que em l\u00edngua qu\u00edchua significa \"Era uma vez num Tambo\" e que hoje convida-o a fazer parte da sua hist\u00f3ria.<\/p>\t\t\t\t\t\t<\/div>\n\t\t\t\t<\/div>\n\t\t\t\t\t<\/div>\n\t\t<\/div>\n\t\t\t\t\t\t\t<\/div>\n\t\t<\/section>\n\t\t\t\t<section class=\"elementor-section elementor-top-section elementor-element elementor-element-9c1b95a elementor-section-boxed elementor-section-height-default elementor-section-height-default\" data-id=\"9c1b95a\" data-element_type=\"section\">\n\t\t\t\t\t\t<div class=\"elementor-container elementor-column-gap-default\">\n\t\t\t\t\t<div class=\"elementor-column elementor-col-33 elementor-top-column elementor-element elementor-element-312088c\" data-id=\"312088c\" data-element_type=\"column\">\n\t\t\t<div class=\"elementor-widget-wrap\">\n\t\t\t\t\t\t\t\t\t<\/div>\n\t\t<\/div>\n\t\t\t\t<div class=\"elementor-column elementor-col-33 elementor-top-column elementor-element elementor-element-3fa54f2\" data-id=\"3fa54f2\" data-element_type=\"column\">\n\t\t\t<div class=\"elementor-widget-wrap elementor-element-populated\">\n\t\t\t\t\t\t\t\t<div class=\"elementor-element elementor-element-ccf7e28 elementor-aspect-ratio-169 elementor-widget elementor-widget-video\" data-id=\"ccf7e28\" data-element_type=\"widget\" data-settings=\"{&quot;video_type&quot;:&quot;hosted&quot;,&quot;start&quot;:0,&quot;controls&quot;:&quot;yes&quot;,&quot;aspect_ratio&quot;:&quot;169&quot;}\" data-widget_type=\"video.default\">\n\t\t\t\t<div class=\"elementor-widget-container\">\n\t\t\t\t\t<div class=\"e-hosted-video elementor-wrapper elementor-fit-aspect-ratio elementor-open-inline\">\n\t\t\t\t\t<video class=\"elementor-video\" src=\"https:\/\/unaytambocusco.com\/wp-content\/uploads\/2022\/01\/video-unaytambo-2022.mp4\" controls=\"\" controlslist=\"nodownload\"><\/video>\n\t\t\t\t<\/div>\n\t\t\t\t<\/div>\n\t\t\t\t<\/div>\n\t\t\t\t\t<\/div>\n\t\t<\/div>\n\t\t\t\t<div class=\"elementor-column elementor-col-33 elementor-top-column elementor-element elementor-element-8ac0a90\" data-id=\"8ac0a90\" data-element_type=\"column\">\n\t\t\t<div class=\"elementor-widget-wrap\">\n\t\t\t\t\t\t\t\t\t<\/div>\n\t\t<\/div>\n\t\t\t\t\t\t\t<\/div>\n\t\t<\/section>\n\t\t\t\t<section class=\"elementor-section elementor-top-section elementor-element elementor-element-dd03a0b elementor-section-boxed elementor-section-height-default elementor-section-height-default\" data-id=\"dd03a0b\" data-element_type=\"section\">\n\t\t\t\t\t\t<div class=\"elementor-container elementor-column-gap-default\">\n\t\t\t\t\t<div class=\"elementor-column elementor-col-100 elementor-top-column elementor-element elementor-element-800b17d\" data-id=\"800b17d\" data-element_type=\"column\">\n\t\t\t<div class=\"elementor-widget-wrap elementor-element-populated\">\n\t\t\t\t\t\t\t\t<div class=\"elementor-element elementor-element-ffb2f14 elementor-widget elementor-widget-text-editor\" data-id=\"ffb2f14\" data-element_type=\"widget\" data-widget_type=\"text-editor.default\">\n\t\t\t\t<div class=\"elementor-widget-container\">\n\t\t\t\t\t\t\tPara mais informa\u00e7\u00f5es, por favor n\u00e3o hesite em contactar-nos:\n<ul>\n \t<li><b><span style=\"color: #9c5102;\">info@unaytambocusco.com<\/span><\/b><\/li>\n \t<li><b><span style=\"color: #9c5102;\">(084) 255428<\/span><\/b><\/li>\n<\/ul>\t\t\t\t\t\t<\/div>\n\t\t\t\t<\/div>\n\t\t\t\t\t<\/div>\n\t\t<\/div>\n\t\t\t\t\t\t\t<\/div>\n\t\t<\/section>\n\t\t\t\t\t\t<\/div>\n\t\t\t\t\t<\/div>","protected":false},"excerpt":{"rendered":"<p>Previous Next Hotel Unaytambo Bienvenidos a Nuestra Historia \u00abBienvenido a UNAYTAMBO, palabra Quechua que nos abre las puertas de un lugar con la historia y tradici\u00f3n del Cusco Antiguo. Ubicado en una de sus calles principales junto al Qorikancha o Templo del Sol donde los muros Inkas nos ense\u00f1an lo grandioso de nuestros antepasados para [&hellip;]<\/p>","protected":false},"author":1,"featured_media":0,"parent":0,"menu_order":0,"comment_status":"closed","ping_status":"closed","template":"","meta":{"footnotes":""},"class_list":["post-708","page","type-page","status-publish","hentry"],"yoast_head":"<!-- This site is optimized with the Yoast SEO plugin v20.8 - https:\/\/yoast.com\/wordpress\/plugins\/seo\/ -->\n<title>UNAYTAMBO - Unaytambo hotel<\/title>\n<meta name=\"robots\" content=\"index, follow, max-snippet:-1, max-image-preview:large, max-video-preview:-1\" \/>\n<link rel=\"canonical\" href=\"https:\/\/unaytambocusco.com\/pt\/unaytambo\/\" \/>\n<meta property=\"og:locale\" content=\"pt_BR\" \/>\n<meta property=\"og:type\" content=\"article\" \/>\n<meta property=\"og:title\" content=\"UNAYTAMBO - Unaytambo hotel\" \/>\n<meta property=\"og:description\" content=\"Previous Next Hotel Unaytambo Bienvenidos a Nuestra Historia \u00abBienvenido a UNAYTAMBO, palabra Quechua que nos abre las puertas de un lugar con la historia y tradici\u00f3n del Cusco Antiguo. Ubicado en una de sus calles principales junto al Qorikancha o Templo del Sol donde los muros Inkas nos ense\u00f1an lo grandioso de nuestros antepasados para [&hellip;]\" \/>\n<meta property=\"og:url\" content=\"https:\/\/unaytambocusco.com\/pt\/unaytambo\/\" \/>\n<meta property=\"og:site_name\" content=\"Unaytambo hotel\" \/>\n<meta property=\"article:modified_time\" content=\"2022-01-10T15:08:51+00:00\" \/>\n<meta name=\"twitter:card\" content=\"summary_large_image\" \/>\n<meta name=\"twitter:label1\" content=\"Est. tempo de leitura\" \/>\n\t<meta name=\"twitter:data1\" content=\"2 minutos\" \/>\n<script type=\"application\/ld+json\" class=\"yoast-schema-graph\">{\"@context\":\"https:\/\/schema.org\",\"@graph\":[{\"@type\":\"WebPage\",\"@id\":\"https:\/\/unaytambocusco.com\/unaytambo\/\",\"url\":\"https:\/\/unaytambocusco.com\/unaytambo\/\",\"name\":\"UNAYTAMBO - Unaytambo hotel\",\"isPartOf\":{\"@id\":\"https:\/\/unaytambocusco.com\/#website\"},\"datePublished\":\"2021-10-04T15:12:45+00:00\",\"dateModified\":\"2022-01-10T15:08:51+00:00\",\"breadcrumb\":{\"@id\":\"https:\/\/unaytambocusco.com\/unaytambo\/#breadcrumb\"},\"inLanguage\":\"pt-BR\",\"potentialAction\":[{\"@type\":\"ReadAction\",\"target\":[\"https:\/\/unaytambocusco.com\/unaytambo\/\"]}]},{\"@type\":\"BreadcrumbList\",\"@id\":\"https:\/\/unaytambocusco.com\/unaytambo\/#breadcrumb\",\"itemListElement\":[{\"@type\":\"ListItem\",\"position\":1,\"name\":\"Home\",\"item\":\"https:\/\/unaytambocusco.com\/\"},{\"@type\":\"ListItem\",\"position\":2,\"name\":\"UNAYTAMBO\"}]},{\"@type\":\"WebSite\",\"@id\":\"https:\/\/unaytambocusco.com\/#website\",\"url\":\"https:\/\/unaytambocusco.com\/\",\"name\":\"Unaytambo hotel\",\"description\":\"Unaytambo hotel\",\"potentialAction\":[{\"@type\":\"SearchAction\",\"target\":{\"@type\":\"EntryPoint\",\"urlTemplate\":\"https:\/\/unaytambocusco.com\/?s={search_term_string}\"},\"query-input\":\"required name=search_term_string\"}],\"inLanguage\":\"pt-BR\"}]}<\/script>\n<!-- \/ Yoast SEO plugin. -->","yoast_head_json":{"title":"UNAYTAMBO - Unaytambo hotel","robots":{"index":"index","follow":"follow","max-snippet":"max-snippet:-1","max-image-preview":"max-image-preview:large","max-video-preview":"max-video-preview:-1"},"canonical":"https:\/\/unaytambocusco.com\/pt\/unaytambo\/","og_locale":"pt_BR","og_type":"article","og_title":"UNAYTAMBO - Unaytambo hotel","og_description":"Previous Next Hotel Unaytambo Bienvenidos a Nuestra Historia \u00abBienvenido a UNAYTAMBO, palabra Quechua que nos abre las puertas de un lugar con la historia y tradici\u00f3n del Cusco Antiguo. Ubicado en una de sus calles principales junto al Qorikancha o Templo del Sol donde los muros Inkas nos ense\u00f1an lo grandioso de nuestros antepasados para [&hellip;]","og_url":"https:\/\/unaytambocusco.com\/pt\/unaytambo\/","og_site_name":"Unaytambo hotel","article_modified_time":"2022-01-10T15:08:51+00:00","twitter_card":"summary_large_image","twitter_misc":{"Est. tempo de leitura":"2 minutos"},"schema":{"@context":"https:\/\/schema.org","@graph":[{"@type":"WebPage","@id":"https:\/\/unaytambocusco.com\/unaytambo\/","url":"https:\/\/unaytambocusco.com\/unaytambo\/","name":"UNAYTAMBO - Unaytambo hotel","isPartOf":{"@id":"https:\/\/unaytambocusco.com\/#website"},"datePublished":"2021-10-04T15:12:45+00:00","dateModified":"2022-01-10T15:08:51+00:00","breadcrumb":{"@id":"https:\/\/unaytambocusco.com\/unaytambo\/#breadcrumb"},"inLanguage":"pt-BR","potentialAction":[{"@type":"ReadAction","target":["https:\/\/unaytambocusco.com\/unaytambo\/"]}]},{"@type":"BreadcrumbList","@id":"https:\/\/unaytambocusco.com\/unaytambo\/#breadcrumb","itemListElement":[{"@type":"ListItem","position":1,"name":"Home","item":"https:\/\/unaytambocusco.com\/"},{"@type":"ListItem","position":2,"name":"UNAYTAMBO"}]},{"@type":"WebSite","@id":"https:\/\/unaytambocusco.com\/#website","url":"https:\/\/unaytambocusco.com\/","name":"Unaytambo hotel","description":"Unaytambo hotel","potentialAction":[{"@type":"SearchAction","target":{"@type":"EntryPoint","urlTemplate":"https:\/\/unaytambocusco.com\/?s={search_term_string}"},"query-input":"required name=search_term_string"}],"inLanguage":"pt-BR"}]}},"_links":{"self":[{"href":"https:\/\/unaytambocusco.com\/pt\/wp-json\/wp\/v2\/pages\/708","targetHints":{"allow":["GET"]}}],"collection":[{"href":"https:\/\/unaytambocusco.com\/pt\/wp-json\/wp\/v2\/pages"}],"about":[{"href":"https:\/\/unaytambocusco.com\/pt\/wp-json\/wp\/v2\/types\/page"}],"author":[{"embeddable":true,"href":"https:\/\/unaytambocusco.com\/pt\/wp-json\/wp\/v2\/users\/1"}],"replies":[{"embeddable":true,"href":"https:\/\/unaytambocusco.com\/pt\/wp-json\/wp\/v2\/comments?post=708"}],"version-history":[{"count":44,"href":"https:\/\/unaytambocusco.com\/pt\/wp-json\/wp\/v2\/pages\/708\/revisions"}],"predecessor-version":[{"id":1820,"href":"https:\/\/unaytambocusco.com\/pt\/wp-json\/wp\/v2\/pages\/708\/revisions\/1820"}],"wp:attachment":[{"href":"https:\/\/unaytambocusco.com\/pt\/wp-json\/wp\/v2\/media?parent=708"}],"curies":[{"name":"wp","href":"https:\/\/api.w.org\/{rel}","templated":true}]}}