{"id":708,"date":"2021-10-04T15:12:45","date_gmt":"2021-10-04T15:12:45","guid":{"rendered":"https:\/\/nuevo.unaytambocusco.com\/?page_id=708"},"modified":"2022-01-10T15:08:51","modified_gmt":"2022-01-10T15:08:51","slug":"unaytambo","status":"publish","type":"page","link":"https:\/\/unaytambocusco.com\/fr\/unaytambo\/","title":{"rendered":"UNAYTAMBO"},"content":{"rendered":"<div data-elementor-type=\"wp-page\" data-elementor-id=\"708\" class=\"elementor elementor-708\" data-elementor-settings=\"[]\">\n\t\t\t\t\t\t\t<div class=\"elementor-section-wrap\">\n\t\t\t\t\t\t\t<section class=\"elementor-section elementor-top-section elementor-element elementor-element-4564a6e elementor-section-height-min-height elementor-section-full_width elementor-section-height-default elementor-section-items-middle\" data-id=\"4564a6e\" data-element_type=\"section\" data-settings=\"{&quot;background_background&quot;:&quot;classic&quot;}\">\n\t\t\t\t\t\t<div class=\"elementor-container elementor-column-gap-no\">\n\t\t\t\t\t<div class=\"elementor-column elementor-col-100 elementor-top-column elementor-element elementor-element-2005cbb\" data-id=\"2005cbb\" data-element_type=\"column\">\n\t\t\t<div class=\"elementor-widget-wrap elementor-element-populated\">\n\t\t\t\t\t\t\t\t<div class=\"elementor-element elementor-element-74bad99 elementor--h-position-center elementor--v-position-middle elementor-arrows-position-inside elementor-pagination-position-inside elementor-widget elementor-widget-slides\" data-id=\"74bad99\" data-element_type=\"widget\" data-settings=\"{&quot;navigation&quot;:&quot;both&quot;,&quot;autoplay&quot;:&quot;yes&quot;,&quot;pause_on_interaction&quot;:&quot;yes&quot;,&quot;autoplay_speed&quot;:5000,&quot;infinite&quot;:&quot;yes&quot;,&quot;transition&quot;:&quot;slide&quot;,&quot;transition_speed&quot;:500}\" data-widget_type=\"slides.default\">\n\t\t\t\t<div class=\"elementor-widget-container\">\n\t\t\t\t\t<div class=\"elementor-swiper\">\n\t\t\t<div class=\"elementor-slides-wrapper elementor-main-swiper swiper-container\" dir=\"ltr\" data-animation=\"fadeInUp\">\n\t\t\t\t<div class=\"swiper-wrapper elementor-slides\">\n\t\t\t\t\t<div class=\"elementor-repeater-item-8b7b186 swiper-slide\"><div class=\"swiper-slide-bg\"><\/div><div class=\"swiper-slide-inner\" ><div class=\"swiper-slide-contents\"><\/div><\/div><\/div><div class=\"elementor-repeater-item-ed59e58 swiper-slide\"><div class=\"swiper-slide-bg\"><\/div><div class=\"swiper-slide-inner\" ><div class=\"swiper-slide-contents\"><\/div><\/div><\/div><div class=\"elementor-repeater-item-fe9f4af swiper-slide\"><div class=\"swiper-slide-bg\"><\/div><div class=\"swiper-slide-inner\" ><div class=\"swiper-slide-contents\"><\/div><\/div><\/div>\t\t\t\t<\/div>\n\t\t\t\t\t\t\t\t\t\t\t\t\t\t\t<div class=\"swiper-pagination\"><\/div>\n\t\t\t\t\t\t\t\t\t\t\t\t\t\t\t\t<div class=\"elementor-swiper-button elementor-swiper-button-prev\">\n\t\t\t\t\t\t\t<i class=\"eicon-chevron-left\" aria-hidden=\"true\"><\/i>\n\t\t\t\t\t\t\t<span class=\"elementor-screen-only\">Previous<\/span>\n\t\t\t\t\t\t<\/div>\n\t\t\t\t\t\t<div class=\"elementor-swiper-button elementor-swiper-button-next\">\n\t\t\t\t\t\t\t<i class=\"eicon-chevron-right\" aria-hidden=\"true\"><\/i>\n\t\t\t\t\t\t\t<span class=\"elementor-screen-only\">Next<\/span>\n\t\t\t\t\t\t<\/div>\n\t\t\t\t\t\t\t\t\t\t\t\t<\/div>\n\t\t<\/div>\n\t\t\t\t<\/div>\n\t\t\t\t<\/div>\n\t\t\t\t\t<\/div>\n\t\t<\/div>\n\t\t\t\t\t\t\t<\/div>\n\t\t<\/section>\n\t\t\t\t<section class=\"elementor-section elementor-top-section elementor-element elementor-element-4115c76 elementor-section-boxed elementor-section-height-default elementor-section-height-default\" data-id=\"4115c76\" data-element_type=\"section\">\n\t\t\t\t\t\t<div class=\"elementor-container elementor-column-gap-default\">\n\t\t\t\t\t<div class=\"elementor-column elementor-col-100 elementor-top-column elementor-element elementor-element-94ea4e4\" data-id=\"94ea4e4\" data-element_type=\"column\">\n\t\t\t<div class=\"elementor-widget-wrap elementor-element-populated\">\n\t\t\t\t\t\t\t\t<div class=\"elementor-element elementor-element-0af3fe0 elementor-widget elementor-widget-heading\" data-id=\"0af3fe0\" data-element_type=\"widget\" data-widget_type=\"heading.default\">\n\t\t\t\t<div class=\"elementor-widget-container\">\n\t\t\t<h1 class=\"elementor-heading-title elementor-size-default\">H\u00f4tel Unaytambo <br> Bienvenue \u00e0 notre histoire<\/h1>\t\t<\/div>\n\t\t\t\t<\/div>\n\t\t\t\t<div class=\"elementor-element elementor-element-86506ff elementor-widget elementor-widget-text-editor\" data-id=\"86506ff\" data-element_type=\"widget\" data-widget_type=\"text-editor.default\">\n\t\t\t\t<div class=\"elementor-widget-container\">\n\t\t\t\t\t\t\t<p>Bienvenue \u00e0 UNAYTAMBO, mot quechua qui vous ouvre les portes d'un lieu charg\u00e9 de l'histoire et de la tradition de l'ancien Cusco. Situ\u00e9 dans l'une de ses rues principales \u00e0 c\u00f4t\u00e9 du Qorikancha ou Temple du Soleil o\u00f9 les murs Inka nous enseignent la grandeur de nos anc\u00eatres pour montrer au monde entier la richesse et l'h\u00e9ritage de la ville imp\u00e9riale.<\/p><p>Vers le XIIe si\u00e8cle, les Quechuas venant du Qollao, guid\u00e9s par le mythique Inca Manko Qhapaq, se sont install\u00e9s dans la vall\u00e9e de Cusco, ayant comme \u00e9picentre culturel le Qorikancha (Temple du Soleil) et le Kusicancha (Temple de la R\u00e9jouissance), o\u00f9 se d\u00e9roulaient des fonctions religieuses et c\u00e9r\u00e9monielles.<\/p><p>L'H\u00f4tel Boutique UNAYTAMBO est un manoir colonial construit sur les fondations de constructions incas, est situ\u00e9 \u00e0 l'int\u00e9rieur de ce complexe arch\u00e9ologique et selon les chroniques de l'Inka Garcilaso de la Vega, dans son c\u00e9l\u00e8bre livre \"Les commentaires royaux\", dans cette maison serait n\u00e9 l'Inka Pachacuteq, le Cusqu\u00e9nien le plus extraordinaire de tous les temps. La preuve en est la porte \u00e0 double jambage caract\u00e9ristique de l'entr\u00e9e des lieux sacr\u00e9s et aujourd'hui la seule conserv\u00e9e dans son \u00e9tat d'origine et qui sert d'entr\u00e9e \u00e0 l'h\u00f4tel UNAYTAMBO o\u00f9 vous serez t\u00e9moin de ce grand h\u00e9ritage.<\/p><p>\u00c0 l'\u00e9poque coloniale, cette maison \u00e9tait utilis\u00e9e comme lieu de repos et d'approvisionnement en nourriture. Elle \u00e9tait connue sous le nom de \"Tambo de Collavinos\", principalement parce qu'elle accueillait les personnes venant du Collao.<\/p><p>Puis vint la R\u00e9publique, une p\u00e9riode durant laquelle la maison remplit un r\u00f4le strictement r\u00e9sidentiel. Enfin, en mai 1950, un fort tremblement de terre a frapp\u00e9 la ville. Heureusement, cet important monument d'architecture civile avec presque huit si\u00e8cles de vie a pu \u00eatre pr\u00e9serv\u00e9 pour continuer \u00e0 \u00e9crire son histoire, histoire avec laquelle nous nous abritons aujourd'hui sous le nom de UNAYTAMBO qui en langue quechua signifie \"Il \u00e9tait une fois dans un Tambo\" et qui aujourd'hui vous invite \u00e0 faire partie de son histoire.<\/p>\t\t\t\t\t\t<\/div>\n\t\t\t\t<\/div>\n\t\t\t\t\t<\/div>\n\t\t<\/div>\n\t\t\t\t\t\t\t<\/div>\n\t\t<\/section>\n\t\t\t\t<section class=\"elementor-section elementor-top-section elementor-element elementor-element-9c1b95a elementor-section-boxed elementor-section-height-default elementor-section-height-default\" data-id=\"9c1b95a\" data-element_type=\"section\">\n\t\t\t\t\t\t<div class=\"elementor-container elementor-column-gap-default\">\n\t\t\t\t\t<div class=\"elementor-column elementor-col-33 elementor-top-column elementor-element elementor-element-312088c\" data-id=\"312088c\" data-element_type=\"column\">\n\t\t\t<div class=\"elementor-widget-wrap\">\n\t\t\t\t\t\t\t\t\t<\/div>\n\t\t<\/div>\n\t\t\t\t<div class=\"elementor-column elementor-col-33 elementor-top-column elementor-element elementor-element-3fa54f2\" data-id=\"3fa54f2\" data-element_type=\"column\">\n\t\t\t<div class=\"elementor-widget-wrap elementor-element-populated\">\n\t\t\t\t\t\t\t\t<div class=\"elementor-element elementor-element-ccf7e28 elementor-aspect-ratio-169 elementor-widget elementor-widget-video\" data-id=\"ccf7e28\" data-element_type=\"widget\" data-settings=\"{&quot;video_type&quot;:&quot;hosted&quot;,&quot;start&quot;:0,&quot;controls&quot;:&quot;yes&quot;,&quot;aspect_ratio&quot;:&quot;169&quot;}\" data-widget_type=\"video.default\">\n\t\t\t\t<div class=\"elementor-widget-container\">\n\t\t\t\t\t<div class=\"e-hosted-video elementor-wrapper elementor-fit-aspect-ratio elementor-open-inline\">\n\t\t\t\t\t<video class=\"elementor-video\" src=\"https:\/\/unaytambocusco.com\/wp-content\/uploads\/2022\/01\/video-unaytambo-2022.mp4\" controls=\"\" controlslist=\"nodownload\"><\/video>\n\t\t\t\t<\/div>\n\t\t\t\t<\/div>\n\t\t\t\t<\/div>\n\t\t\t\t\t<\/div>\n\t\t<\/div>\n\t\t\t\t<div class=\"elementor-column elementor-col-33 elementor-top-column elementor-element elementor-element-8ac0a90\" data-id=\"8ac0a90\" data-element_type=\"column\">\n\t\t\t<div class=\"elementor-widget-wrap\">\n\t\t\t\t\t\t\t\t\t<\/div>\n\t\t<\/div>\n\t\t\t\t\t\t\t<\/div>\n\t\t<\/section>\n\t\t\t\t<section class=\"elementor-section elementor-top-section elementor-element elementor-element-dd03a0b elementor-section-boxed elementor-section-height-default elementor-section-height-default\" data-id=\"dd03a0b\" data-element_type=\"section\">\n\t\t\t\t\t\t<div class=\"elementor-container elementor-column-gap-default\">\n\t\t\t\t\t<div class=\"elementor-column elementor-col-100 elementor-top-column elementor-element elementor-element-800b17d\" data-id=\"800b17d\" data-element_type=\"column\">\n\t\t\t<div class=\"elementor-widget-wrap elementor-element-populated\">\n\t\t\t\t\t\t\t\t<div class=\"elementor-element elementor-element-ffb2f14 elementor-widget elementor-widget-text-editor\" data-id=\"ffb2f14\" data-element_type=\"widget\" data-widget_type=\"text-editor.default\">\n\t\t\t\t<div class=\"elementor-widget-container\">\n\t\t\t\t\t\t\tPour plus d'informations, n'h\u00e9sitez pas \u00e0 nous contacter :\n<ul>\n \t<li><b><span style=\"color: #9c5102;\">info@unaytambocusco.com<\/span><\/b><\/li>\n \t<li><b><span style=\"color: #9c5102;\">(084) 255428<\/span><\/b><\/li>\n<\/ul>\t\t\t\t\t\t<\/div>\n\t\t\t\t<\/div>\n\t\t\t\t\t<\/div>\n\t\t<\/div>\n\t\t\t\t\t\t\t<\/div>\n\t\t<\/section>\n\t\t\t\t\t\t<\/div>\n\t\t\t\t\t<\/div>","protected":false},"excerpt":{"rendered":"<p>Previous Next Hotel Unaytambo Bienvenidos a Nuestra Historia \u00abBienvenido a UNAYTAMBO, palabra Quechua que nos abre las puertas de un lugar con la historia y tradici\u00f3n del Cusco Antiguo. Ubicado en una de sus calles principales junto al Qorikancha o Templo del Sol donde los muros Inkas nos ense\u00f1an lo grandioso de nuestros antepasados para [&hellip;]<\/p>","protected":false},"author":1,"featured_media":0,"parent":0,"menu_order":0,"comment_status":"closed","ping_status":"closed","template":"","meta":{"footnotes":""},"class_list":["post-708","page","type-page","status-publish","hentry"],"yoast_head":"<!-- This site is optimized with the Yoast SEO plugin v20.8 - https:\/\/yoast.com\/wordpress\/plugins\/seo\/ -->\n<title>UNAYTAMBO - Unaytambo hotel<\/title>\n<meta name=\"robots\" content=\"index, follow, max-snippet:-1, max-image-preview:large, max-video-preview:-1\" \/>\n<link rel=\"canonical\" href=\"https:\/\/unaytambocusco.com\/fr\/unaytambo\/\" \/>\n<meta property=\"og:locale\" content=\"fr_FR\" \/>\n<meta property=\"og:type\" content=\"article\" \/>\n<meta property=\"og:title\" content=\"UNAYTAMBO - Unaytambo hotel\" \/>\n<meta property=\"og:description\" content=\"Previous Next Hotel Unaytambo Bienvenidos a Nuestra Historia \u00abBienvenido a UNAYTAMBO, palabra Quechua que nos abre las puertas de un lugar con la historia y tradici\u00f3n del Cusco Antiguo. Ubicado en una de sus calles principales junto al Qorikancha o Templo del Sol donde los muros Inkas nos ense\u00f1an lo grandioso de nuestros antepasados para [&hellip;]\" \/>\n<meta property=\"og:url\" content=\"https:\/\/unaytambocusco.com\/fr\/unaytambo\/\" \/>\n<meta property=\"og:site_name\" content=\"Unaytambo hotel\" \/>\n<meta property=\"article:modified_time\" content=\"2022-01-10T15:08:51+00:00\" \/>\n<meta name=\"twitter:card\" content=\"summary_large_image\" \/>\n<meta name=\"twitter:label1\" content=\"Dur\u00e9e de lecture estim\u00e9e\" \/>\n\t<meta name=\"twitter:data1\" content=\"2 minutes\" \/>\n<script type=\"application\/ld+json\" class=\"yoast-schema-graph\">{\"@context\":\"https:\/\/schema.org\",\"@graph\":[{\"@type\":\"WebPage\",\"@id\":\"https:\/\/unaytambocusco.com\/unaytambo\/\",\"url\":\"https:\/\/unaytambocusco.com\/unaytambo\/\",\"name\":\"UNAYTAMBO - Unaytambo hotel\",\"isPartOf\":{\"@id\":\"https:\/\/unaytambocusco.com\/#website\"},\"datePublished\":\"2021-10-04T15:12:45+00:00\",\"dateModified\":\"2022-01-10T15:08:51+00:00\",\"breadcrumb\":{\"@id\":\"https:\/\/unaytambocusco.com\/unaytambo\/#breadcrumb\"},\"inLanguage\":\"fr-FR\",\"potentialAction\":[{\"@type\":\"ReadAction\",\"target\":[\"https:\/\/unaytambocusco.com\/unaytambo\/\"]}]},{\"@type\":\"BreadcrumbList\",\"@id\":\"https:\/\/unaytambocusco.com\/unaytambo\/#breadcrumb\",\"itemListElement\":[{\"@type\":\"ListItem\",\"position\":1,\"name\":\"Home\",\"item\":\"https:\/\/unaytambocusco.com\/\"},{\"@type\":\"ListItem\",\"position\":2,\"name\":\"UNAYTAMBO\"}]},{\"@type\":\"WebSite\",\"@id\":\"https:\/\/unaytambocusco.com\/#website\",\"url\":\"https:\/\/unaytambocusco.com\/\",\"name\":\"Unaytambo hotel\",\"description\":\"Unaytambo hotel\",\"potentialAction\":[{\"@type\":\"SearchAction\",\"target\":{\"@type\":\"EntryPoint\",\"urlTemplate\":\"https:\/\/unaytambocusco.com\/?s={search_term_string}\"},\"query-input\":\"required name=search_term_string\"}],\"inLanguage\":\"fr-FR\"}]}<\/script>\n<!-- \/ Yoast SEO plugin. -->","yoast_head_json":{"title":"UNAYTAMBO - Unaytambo hotel","robots":{"index":"index","follow":"follow","max-snippet":"max-snippet:-1","max-image-preview":"max-image-preview:large","max-video-preview":"max-video-preview:-1"},"canonical":"https:\/\/unaytambocusco.com\/fr\/unaytambo\/","og_locale":"fr_FR","og_type":"article","og_title":"UNAYTAMBO - Unaytambo hotel","og_description":"Previous Next Hotel Unaytambo Bienvenidos a Nuestra Historia \u00abBienvenido a UNAYTAMBO, palabra Quechua que nos abre las puertas de un lugar con la historia y tradici\u00f3n del Cusco Antiguo. Ubicado en una de sus calles principales junto al Qorikancha o Templo del Sol donde los muros Inkas nos ense\u00f1an lo grandioso de nuestros antepasados para [&hellip;]","og_url":"https:\/\/unaytambocusco.com\/fr\/unaytambo\/","og_site_name":"Unaytambo hotel","article_modified_time":"2022-01-10T15:08:51+00:00","twitter_card":"summary_large_image","twitter_misc":{"Dur\u00e9e de lecture estim\u00e9e":"2 minutes"},"schema":{"@context":"https:\/\/schema.org","@graph":[{"@type":"WebPage","@id":"https:\/\/unaytambocusco.com\/unaytambo\/","url":"https:\/\/unaytambocusco.com\/unaytambo\/","name":"UNAYTAMBO - Unaytambo hotel","isPartOf":{"@id":"https:\/\/unaytambocusco.com\/#website"},"datePublished":"2021-10-04T15:12:45+00:00","dateModified":"2022-01-10T15:08:51+00:00","breadcrumb":{"@id":"https:\/\/unaytambocusco.com\/unaytambo\/#breadcrumb"},"inLanguage":"fr-FR","potentialAction":[{"@type":"ReadAction","target":["https:\/\/unaytambocusco.com\/unaytambo\/"]}]},{"@type":"BreadcrumbList","@id":"https:\/\/unaytambocusco.com\/unaytambo\/#breadcrumb","itemListElement":[{"@type":"ListItem","position":1,"name":"Home","item":"https:\/\/unaytambocusco.com\/"},{"@type":"ListItem","position":2,"name":"UNAYTAMBO"}]},{"@type":"WebSite","@id":"https:\/\/unaytambocusco.com\/#website","url":"https:\/\/unaytambocusco.com\/","name":"Unaytambo hotel","description":"Unaytambo hotel","potentialAction":[{"@type":"SearchAction","target":{"@type":"EntryPoint","urlTemplate":"https:\/\/unaytambocusco.com\/?s={search_term_string}"},"query-input":"required name=search_term_string"}],"inLanguage":"fr-FR"}]}},"_links":{"self":[{"href":"https:\/\/unaytambocusco.com\/fr\/wp-json\/wp\/v2\/pages\/708","targetHints":{"allow":["GET"]}}],"collection":[{"href":"https:\/\/unaytambocusco.com\/fr\/wp-json\/wp\/v2\/pages"}],"about":[{"href":"https:\/\/unaytambocusco.com\/fr\/wp-json\/wp\/v2\/types\/page"}],"author":[{"embeddable":true,"href":"https:\/\/unaytambocusco.com\/fr\/wp-json\/wp\/v2\/users\/1"}],"replies":[{"embeddable":true,"href":"https:\/\/unaytambocusco.com\/fr\/wp-json\/wp\/v2\/comments?post=708"}],"version-history":[{"count":44,"href":"https:\/\/unaytambocusco.com\/fr\/wp-json\/wp\/v2\/pages\/708\/revisions"}],"predecessor-version":[{"id":1820,"href":"https:\/\/unaytambocusco.com\/fr\/wp-json\/wp\/v2\/pages\/708\/revisions\/1820"}],"wp:attachment":[{"href":"https:\/\/unaytambocusco.com\/fr\/wp-json\/wp\/v2\/media?parent=708"}],"curies":[{"name":"wp","href":"https:\/\/api.w.org\/{rel}","templated":true}]}}