{"id":1857,"date":"2024-11-27T16:13:00","date_gmt":"2024-11-27T16:13:00","guid":{"rendered":"https:\/\/unaytambocusco.com\/?page_id=1857"},"modified":"2024-11-27T18:23:25","modified_gmt":"2024-11-27T18:23:25","slug":"solicitar-cotizacion","status":"publish","type":"page","link":"https:\/\/unaytambocusco.com\/de\/angebot-anfordern\/","title":{"rendered":"Angebot Anfordern"},"content":{"rendered":"<div data-elementor-type=\"wp-page\" data-elementor-id=\"1857\" class=\"elementor elementor-1857\" data-elementor-settings=\"[]\">\n\t\t\t\t\t\t\t<div class=\"elementor-section-wrap\">\n\t\t\t\t\t\t\t<section class=\"elementor-section elementor-top-section elementor-element elementor-element-38a5d32 elementor-section-boxed elementor-section-height-default elementor-section-height-default\" data-id=\"38a5d32\" data-element_type=\"section\" data-settings=\"{&quot;background_background&quot;:&quot;classic&quot;}\">\n\t\t\t\t\t\t<div class=\"elementor-container elementor-column-gap-default\">\n\t\t\t\t\t<div class=\"elementor-column elementor-col-100 elementor-top-column elementor-element elementor-element-d0a2cb5\" data-id=\"d0a2cb5\" data-element_type=\"column\">\n\t\t\t<div class=\"elementor-widget-wrap elementor-element-populated\">\n\t\t\t\t\t\t\t\t<div class=\"elementor-element elementor-element-851ba2d elementor-widget elementor-widget-heading\" data-id=\"851ba2d\" data-element_type=\"widget\" data-widget_type=\"heading.default\">\n\t\t\t\t<div class=\"elementor-widget-container\">\n\t\t\t<h1 class=\"elementor-heading-title elementor-size-default\">Angebot Anfordern<\/h1>\t\t<\/div>\n\t\t\t\t<\/div>\n\t\t\t\t\t<\/div>\n\t\t<\/div>\n\t\t\t\t\t\t\t<\/div>\n\t\t<\/section>\n\t\t\t\t<section class=\"elementor-section elementor-top-section elementor-element elementor-element-41550fb elementor-section-boxed elementor-section-height-default elementor-section-height-default\" data-id=\"41550fb\" data-element_type=\"section\" data-settings=\"{&quot;background_background&quot;:&quot;classic&quot;}\">\n\t\t\t\t\t\t\t<div class=\"elementor-background-overlay\"><\/div>\n\t\t\t\t\t\t\t<div class=\"elementor-container elementor-column-gap-default\">\n\t\t\t\t\t<div class=\"elementor-column elementor-col-100 elementor-top-column elementor-element elementor-element-6d8be68\" data-id=\"6d8be68\" data-element_type=\"column\" data-settings=\"{&quot;background_background&quot;:&quot;classic&quot;}\">\n\t\t\t<div class=\"elementor-widget-wrap elementor-element-populated\">\n\t\t\t\t\t<div class=\"elementor-background-overlay\"><\/div>\n\t\t\t\t\t\t\t\t<div class=\"elementor-element elementor-element-1317453 elementor-widget elementor-widget-heading\" data-id=\"1317453\" data-element_type=\"widget\" data-widget_type=\"heading.default\">\n\t\t\t\t<div class=\"elementor-widget-container\">\n\t\t\t<h2 class=\"elementor-heading-title elementor-size-default\">Angebotsformular<\/h2>\t\t<\/div>\n\t\t\t\t<\/div>\n\t\t\t\t<div class=\"elementor-element elementor-element-16e9947 elementor-button-align-stretch elementor-widget elementor-widget-form\" data-id=\"16e9947\" data-element_type=\"widget\" data-settings=\"{&quot;step_next_label&quot;:&quot;Next&quot;,&quot;step_previous_label&quot;:&quot;Previous&quot;,&quot;button_width&quot;:&quot;100&quot;,&quot;step_type&quot;:&quot;number_text&quot;,&quot;step_icon_shape&quot;:&quot;circle&quot;}\" data-widget_type=\"form.default\">\n\t\t\t\t<div class=\"elementor-widget-container\">\n\t\t\t\t\t<form class=\"elementor-form\" method=\"post\" name=\"RESERVAS ONLINE\" action=\"\">\n\t\t\t<input type=\"hidden\" name=\"post_id\" value=\"1857\"\/>\n\t\t\t<input type=\"hidden\" name=\"form_id\" value=\"16e9947\"\/>\n\t\t\t<input type=\"hidden\" name=\"referer_title\" value=\"Unaytambo hotel\" \/>\n\n\t\t\t\n\t\t\t<div class=\"elementor-form-fields-wrapper elementor-labels-above\">\n\t\t\t\t\t\t\t\t<div class=\"elementor-field-type-text elementor-field-group elementor-column elementor-field-group-name elementor-col-50\">\n\t\t\t\t\t<input size=\"1\" type=\"text\" name=\"form_fields[name]\" id=\"form-field-name\" class=\"elementor-field elementor-size-sm  elementor-field-textual\" placeholder=\"Name\">\t\t\t\t<\/div>\n\t\t\t\t\t\t\t\t<div class=\"elementor-field-type-text elementor-field-group elementor-column elementor-field-group-country elementor-col-50 elementor-field-required\">\n\t\t\t\t\t<input size=\"1\" type=\"text\" name=\"form_fields[country]\" id=\"form-field-country\" class=\"elementor-field elementor-size-sm  elementor-field-textual\" placeholder=\"Land\" required=\"required\" aria-required=\"true\">\t\t\t\t<\/div>\n\t\t\t\t\t\t\t\t<div class=\"elementor-field-type-email elementor-field-group elementor-column elementor-field-group-email elementor-col-100 elementor-field-required\">\n\t\t\t\t\t<input size=\"1\" type=\"email\" name=\"form_fields[email]\" id=\"form-field-email\" class=\"elementor-field elementor-size-sm  elementor-field-textual\" placeholder=\"E-Mail\" required=\"required\" aria-required=\"true\">\t\t\t\t<\/div>\n\t\t\t\t\t\t\t\t<div class=\"elementor-field-type-date elementor-field-group elementor-column elementor-field-group-date elementor-col-50 elementor-sm-100 elementor-field-required\">\n\t\t\t\t\t<input type=\"date\" name=\"form_fields[date]\" id=\"form-field-date\" class=\"elementor-field elementor-size-sm  elementor-field-textual elementor-date-field\" placeholder=\"Datum\" required=\"required\" aria-required=\"true\" pattern=\"[0-9]{4}-[0-9]{2}-[0-9]{2}\">\t\t\t\t<\/div>\n\t\t\t\t\t\t\t\t<div class=\"elementor-field-type-number elementor-field-group elementor-column elementor-field-group-nights elementor-col-50 elementor-field-required\">\n\t\t\t\t\t<input type=\"number\" name=\"form_fields[nights]\" id=\"form-field-nights\" class=\"elementor-field elementor-size-sm  elementor-field-textual\" placeholder=\"N\u00e4chte\" required=\"required\" aria-required=\"true\" min=\"1\" max=\"\">\t\t\t\t<\/div>\n\t\t\t\t\t\t\t\t<div class=\"elementor-field-type-number elementor-field-group elementor-column elementor-field-group-adults elementor-col-50 elementor-field-required\">\n\t\t\t\t\t<input type=\"number\" name=\"form_fields[adults]\" id=\"form-field-adults\" class=\"elementor-field elementor-size-sm  elementor-field-textual\" placeholder=\"Erwachsene\" required=\"required\" aria-required=\"true\" min=\"1\" max=\"\">\t\t\t\t<\/div>\n\t\t\t\t\t\t\t\t<div class=\"elementor-field-type-number elementor-field-group elementor-column elementor-field-group-children elementor-col-50 elementor-field-required\">\n\t\t\t\t\t<input type=\"number\" name=\"form_fields[children]\" id=\"form-field-children\" class=\"elementor-field elementor-size-sm  elementor-field-textual\" placeholder=\"Kinder (0 -8 Jahre)\" required=\"required\" aria-required=\"true\" min=\"0\" max=\"\">\t\t\t\t<\/div>\n\t\t\t\t\t\t\t\t<div class=\"elementor-field-type-select elementor-field-group elementor-column elementor-field-group-room elementor-col-100\">\n\t\t\t\t\t\t\t<div class=\"elementor-field elementor-select-wrapper\">\n\t\t\t<select name=\"form_fields[room]\" id=\"form-field-room\" class=\"elementor-field-textual elementor-size-sm\">\n\t\t\t\t<option value=\"Tipo de Habitaci\u00f3n\">Zimmer-Typ<\/option><option value=\"Simple Standad  &quot;1 persona&quot;\">Einfacher Standard \"1 Person\".<\/option><option value=\"Simple Superior  &quot;1 persona&quot;\">Einfacher Vorgesetzter \"1 Person\".<\/option><option value=\"Matrimonial Standard  &quot;2 personas&quot;\">Standard Double \"2 Personen\".<\/option><option value=\"Matrimonial Superior  &quot;2 personas&quot;\">Superior Double \"2 Personen\".<\/option><option value=\"Triple Standard  &quot;3 personas&quot;\">Dreibettzimmer Standard \"3 Personen\"<\/option><option value=\"Matrimonial Superior  &quot;3 personas&quot;\">Superior Double \"3 Personen\"<\/option>\t\t\t<\/select>\n\t\t<\/div>\n\t\t\t\t\t\t<\/div>\n\t\t\t\t\t\t\t\t<div class=\"elementor-field-group elementor-column elementor-field-type-submit elementor-col-100 e-form__buttons\">\n\t\t\t\t\t<button type=\"submit\" class=\"elementor-button elementor-size-sm\">\n\t\t\t\t\t\t<span >\n\t\t\t\t\t\t\t\t\t\t\t\t\t\t\t<span class=\"elementor-align-icon-left elementor-button-icon\">\n\t\t\t\t\t\t\t\t\t<i aria-hidden=\"true\" class=\"far fa-calendar-alt\"><\/i>\t\t\t\t\t\t\t\t\t\t\t\t\t\t\t\t\t<\/span>\n\t\t\t\t\t\t\t\t\t\t\t\t\t\t\t\t\t\t\t\t\t\t<span class=\"elementor-button-text\">ONLINE BUCHEN<\/span>\n\t\t\t\t\t\t\t\t\t\t\t\t\t<\/span>\n\t\t\t\t\t<\/button>\n\t\t\t\t<\/div>\n\t\t\t<\/div>\n\t\t<input type=\"hidden\" name=\"trp-form-language\" value=\"de\"\/><\/form>\n\t\t\t\t<\/div>\n\t\t\t\t<\/div>\n\t\t\t\t\t<\/div>\n\t\t<\/div>\n\t\t\t\t\t\t\t<\/div>\n\t\t<\/section>\n\t\t\t\t\t\t<\/div>\n\t\t\t\t\t<\/div>","protected":false},"excerpt":{"rendered":"<p>Solicitar Cotizaci\u00f3n Formulario de Cotizaci\u00f3n<\/p>","protected":false},"author":1,"featured_media":0,"parent":0,"menu_order":0,"comment_status":"closed","ping_status":"closed","template":"","meta":{"footnotes":""},"class_list":["post-1857","page","type-page","status-publish","hentry"],"yoast_head":"<!-- This site is optimized with the Yoast SEO plugin v20.8 - https:\/\/yoast.com\/wordpress\/plugins\/seo\/ -->\n<title>Solicitar Cotizaci\u00f3n - Unaytambo hotel<\/title>\n<meta name=\"robots\" content=\"index, follow, max-snippet:-1, max-image-preview:large, max-video-preview:-1\" \/>\n<link rel=\"canonical\" href=\"https:\/\/unaytambocusco.com\/de\/angebot-anfordern\/\" \/>\n<meta property=\"og:locale\" content=\"de_DE\" \/>\n<meta property=\"og:type\" content=\"article\" \/>\n<meta property=\"og:title\" content=\"Solicitar Cotizaci\u00f3n - Unaytambo hotel\" \/>\n<meta property=\"og:description\" content=\"Solicitar Cotizaci\u00f3n Formulario de Cotizaci\u00f3n\" \/>\n<meta property=\"og:url\" content=\"https:\/\/unaytambocusco.com\/de\/angebot-anfordern\/\" \/>\n<meta property=\"og:site_name\" content=\"Unaytambo hotel\" \/>\n<meta property=\"article:modified_time\" content=\"2024-11-27T18:23:25+00:00\" \/>\n<meta name=\"twitter:card\" content=\"summary_large_image\" \/>\n<meta name=\"twitter:label1\" content=\"Gesch\u00e4tzte Lesezeit\" \/>\n\t<meta name=\"twitter:data1\" content=\"1\u00a0Minute\" \/>\n<script type=\"application\/ld+json\" class=\"yoast-schema-graph\">{\"@context\":\"https:\/\/schema.org\",\"@graph\":[{\"@type\":\"WebPage\",\"@id\":\"https:\/\/unaytambocusco.com\/solicitar-cotizacion\/\",\"url\":\"https:\/\/unaytambocusco.com\/solicitar-cotizacion\/\",\"name\":\"Solicitar Cotizaci\u00f3n - Unaytambo hotel\",\"isPartOf\":{\"@id\":\"https:\/\/unaytambocusco.com\/#website\"},\"datePublished\":\"2024-11-27T16:13:00+00:00\",\"dateModified\":\"2024-11-27T18:23:25+00:00\",\"breadcrumb\":{\"@id\":\"https:\/\/unaytambocusco.com\/solicitar-cotizacion\/#breadcrumb\"},\"inLanguage\":\"de\",\"potentialAction\":[{\"@type\":\"ReadAction\",\"target\":[\"https:\/\/unaytambocusco.com\/solicitar-cotizacion\/\"]}]},{\"@type\":\"BreadcrumbList\",\"@id\":\"https:\/\/unaytambocusco.com\/solicitar-cotizacion\/#breadcrumb\",\"itemListElement\":[{\"@type\":\"ListItem\",\"position\":1,\"name\":\"Home\",\"item\":\"https:\/\/unaytambocusco.com\/\"},{\"@type\":\"ListItem\",\"position\":2,\"name\":\"Solicitar Cotizaci\u00f3n\"}]},{\"@type\":\"WebSite\",\"@id\":\"https:\/\/unaytambocusco.com\/#website\",\"url\":\"https:\/\/unaytambocusco.com\/\",\"name\":\"Unaytambo hotel\",\"description\":\"Unaytambo hotel\",\"potentialAction\":[{\"@type\":\"SearchAction\",\"target\":{\"@type\":\"EntryPoint\",\"urlTemplate\":\"https:\/\/unaytambocusco.com\/?s={search_term_string}\"},\"query-input\":\"required name=search_term_string\"}],\"inLanguage\":\"de\"}]}<\/script>\n<!-- \/ Yoast SEO plugin. -->","yoast_head_json":{"title":"Solicitar Cotizaci\u00f3n - Unaytambo hotel","robots":{"index":"index","follow":"follow","max-snippet":"max-snippet:-1","max-image-preview":"max-image-preview:large","max-video-preview":"max-video-preview:-1"},"canonical":"https:\/\/unaytambocusco.com\/de\/angebot-anfordern\/","og_locale":"de_DE","og_type":"article","og_title":"Solicitar Cotizaci\u00f3n - Unaytambo hotel","og_description":"Solicitar Cotizaci\u00f3n Formulario de Cotizaci\u00f3n","og_url":"https:\/\/unaytambocusco.com\/de\/angebot-anfordern\/","og_site_name":"Unaytambo hotel","article_modified_time":"2024-11-27T18:23:25+00:00","twitter_card":"summary_large_image","twitter_misc":{"Gesch\u00e4tzte Lesezeit":"1\u00a0Minute"},"schema":{"@context":"https:\/\/schema.org","@graph":[{"@type":"WebPage","@id":"https:\/\/unaytambocusco.com\/solicitar-cotizacion\/","url":"https:\/\/unaytambocusco.com\/solicitar-cotizacion\/","name":"Solicitar Cotizaci\u00f3n - Unaytambo hotel","isPartOf":{"@id":"https:\/\/unaytambocusco.com\/#website"},"datePublished":"2024-11-27T16:13:00+00:00","dateModified":"2024-11-27T18:23:25+00:00","breadcrumb":{"@id":"https:\/\/unaytambocusco.com\/solicitar-cotizacion\/#breadcrumb"},"inLanguage":"de","potentialAction":[{"@type":"ReadAction","target":["https:\/\/unaytambocusco.com\/solicitar-cotizacion\/"]}]},{"@type":"BreadcrumbList","@id":"https:\/\/unaytambocusco.com\/solicitar-cotizacion\/#breadcrumb","itemListElement":[{"@type":"ListItem","position":1,"name":"Home","item":"https:\/\/unaytambocusco.com\/"},{"@type":"ListItem","position":2,"name":"Solicitar Cotizaci\u00f3n"}]},{"@type":"WebSite","@id":"https:\/\/unaytambocusco.com\/#website","url":"https:\/\/unaytambocusco.com\/","name":"Unaytambo hotel","description":"Unaytambo hotel","potentialAction":[{"@type":"SearchAction","target":{"@type":"EntryPoint","urlTemplate":"https:\/\/unaytambocusco.com\/?s={search_term_string}"},"query-input":"required name=search_term_string"}],"inLanguage":"de"}]}},"_links":{"self":[{"href":"https:\/\/unaytambocusco.com\/de\/wp-json\/wp\/v2\/pages\/1857","targetHints":{"allow":["GET"]}}],"collection":[{"href":"https:\/\/unaytambocusco.com\/de\/wp-json\/wp\/v2\/pages"}],"about":[{"href":"https:\/\/unaytambocusco.com\/de\/wp-json\/wp\/v2\/types\/page"}],"author":[{"embeddable":true,"href":"https:\/\/unaytambocusco.com\/de\/wp-json\/wp\/v2\/users\/1"}],"replies":[{"embeddable":true,"href":"https:\/\/unaytambocusco.com\/de\/wp-json\/wp\/v2\/comments?post=1857"}],"version-history":[{"count":15,"href":"https:\/\/unaytambocusco.com\/de\/wp-json\/wp\/v2\/pages\/1857\/revisions"}],"predecessor-version":[{"id":1873,"href":"https:\/\/unaytambocusco.com\/de\/wp-json\/wp\/v2\/pages\/1857\/revisions\/1873"}],"wp:attachment":[{"href":"https:\/\/unaytambocusco.com\/de\/wp-json\/wp\/v2\/media?parent=1857"}],"curies":[{"name":"wp","href":"https:\/\/api.w.org\/{rel}","templated":true}]}}